{"id":667,"date":"2021-10-31T10:10:21","date_gmt":"2021-10-31T10:10:21","guid":{"rendered":"https:\/\/www.mandarydberg.com\/contact\/"},"modified":"2025-05-29T18:37:25","modified_gmt":"2025-05-29T18:37:25","slug":"kontakt","status":"publish","type":"page","link":"https:\/\/www.mandarydberg.com\/sv\/kontakt\/","title":{"rendered":"KONTAKT"},"content":{"rendered":"<p><span style=\"font-size: 14px;\">Varmt v\u00e4lkommen att maila eller ringa Manda f\u00f6r bokning av en session, f\u00f6rel\u00e4sning eller andra f\u00f6rfr\u00e5gningar.<\/span><\/p>\n","protected":false},"excerpt":{"rendered":"<p>Varmt v\u00e4lkommen att maila eller ringa Manda f\u00f6r bokning av en session, f\u00f6rel\u00e4sning eller andra f\u00f6rfr\u00e5gningar.<\/p>\n","protected":false},"author":1,"featured_media":0,"parent":0,"menu_order":0,"comment_status":"closed","ping_status":"closed","template":"template-contact.php","meta":{"_links_to":"","_links_to_target":""},"_links":{"self":[{"href":"https:\/\/www.mandarydberg.com\/sv\/wp-json\/wp\/v2\/pages\/667"}],"collection":[{"href":"https:\/\/www.mandarydberg.com\/sv\/wp-json\/wp\/v2\/pages"}],"about":[{"href":"https:\/\/www.mandarydberg.com\/sv\/wp-json\/wp\/v2\/types\/page"}],"author":[{"embeddable":true,"href":"https:\/\/www.mandarydberg.com\/sv\/wp-json\/wp\/v2\/users\/1"}],"replies":[{"embeddable":true,"href":"https:\/\/www.mandarydberg.com\/sv\/wp-json\/wp\/v2\/comments?post=667"}],"version-history":[{"count":11,"href":"https:\/\/www.mandarydberg.com\/sv\/wp-json\/wp\/v2\/pages\/667\/revisions"}],"predecessor-version":[{"id":953,"href":"https:\/\/www.mandarydberg.com\/sv\/wp-json\/wp\/v2\/pages\/667\/revisions\/953"}],"wp:attachment":[{"href":"https:\/\/www.mandarydberg.com\/sv\/wp-json\/wp\/v2\/media?parent=667"}],"curies":[{"name":"wp","href":"https:\/\/api.w.org\/{rel}","templated":true}]}}